{"id":53,"date":"2014-03-14T10:54:32","date_gmt":"2014-03-14T08:54:32","guid":{"rendered":"http:\/\/gelstertalschule.de\/wordpress\/?page_id=53"},"modified":"2023-11-09T10:30:08","modified_gmt":"2023-11-09T09:30:08","slug":"impressum","status":"publish","type":"page","link":"https:\/\/gelstertalschule.de\/wordpress\/impressum\/","title":{"rendered":"Impressum"},"content":{"rendered":"<p>So erreichen Sie uns:<br \/>\nTelefon: <strong>05542 &#8211; 2415<\/strong><br \/>\nFax: 05542 &#8211; 911764<br \/>\nEmail: <a href=\"mailto:gelstertalschule@t-online.de\"><strong><span style=\"color: #000000;\">gelstertalschule@t-online.de<\/span><\/strong><\/a><br \/>\nPostadresse: Gelstertalschule Hundelshausen<br \/>\nSchulstra\u00dfe 6 in 37215 Hundelshausen<\/p>\n<p>Schulsekret\u00e4rin: Manuela Engelmohr<br \/>\nSchulleiter: Thomas Ochs<\/p>\n<p>Verantwortlich f\u00fcr Inhalt: Thomas Ochs<br \/>\nWebmaster &amp; Datenschutz: Thomas Ochs<\/p>\n<p>Die Gelstertalschule Hundelshausen \u00fcbernimmt keine Verantwortung f\u00fcr die Inhalte fremder Seiten. Seiten, auf die wir durch externe Links unmittelbar verweisen, werden von uns vorab sorgf\u00e4ltig ausgew\u00e4hlt und gepr\u00fcft. Auf sp\u00e4tere \u00c4nderungen von unmittelbar verlinkten Seiten oder auf Inhalte nachfolgender Seiten fremder Angebote haben wir keinen Einfluss. Wir distanzieren uns daher ausdr\u00fccklich von sp\u00e4teren \u00c4nderungen unmittelbar verlinkter Seiten, den Inhalten auf nachfolgenden Seiten sowie deren Anbietern.<\/p>\n<p>Hinweisen (an gelstertalschule@t-online.de) auf ver\u00e4nderte Inhalte verlinkter Seiten werden wir schnellstm\u00f6glich nachgehen.<\/p>\n<p>S\u00e4mtliche Rechte an den Inhalten von gelstertalschule.de liegen, soweit nicht anders vermerkt, bei gelstertalschule.de.<br \/>\nJede \u00fcber die gesetzlich zul\u00e4ssigen F\u00e4lle hinausgehende Verwertung von urheberrechtlich gesch\u00fctzten Inhalten, insbesondere durch Vervielf\u00e4ltigung und Verbreitung auch in elektronischer Form, bedarf der vorherigen schriftlichen Zustimmung. Bitte wenden Sie sich dazu schriftlich an uns.<\/p>\n","protected":false},"excerpt":{"rendered":"<p>So erreichen Sie uns: Telefon: 05542 &#8211; 2415 Fax: 05542 &#8211; 911764 Email: gelstertalschule@t-online.de Postadresse: Gelstertalschule Hundelshausen Schulstra\u00dfe 6 in 37215 Hundelshausen Schulsekret\u00e4rin: Manuela Engelmohr Schulleiter: Thomas Ochs Verantwortlich f\u00fcr Inhalt: Thomas Ochs Webmaster &amp; Datenschutz: Thomas Ochs Die Gelstertalschule Hundelshausen \u00fcbernimmt keine Verantwortung f\u00fcr die Inhalte fremder Seiten. Seiten, auf die wir durch externe &hellip; <a href=\"https:\/\/gelstertalschule.de\/wordpress\/impressum\/\" class=\"more-link\"><span class=\"screen-reader-text\">Impressum<\/span> weiterlesen <span class=\"meta-nav\">&rarr;<\/span><\/a><\/p>\n","protected":false},"author":1,"featured_media":0,"parent":0,"menu_order":0,"comment_status":"closed","ping_status":"open","template":"","meta":{"footnotes":""},"class_list":["post-53","page","type-page","status-publish","hentry"],"_links":{"self":[{"href":"https:\/\/gelstertalschule.de\/wordpress\/wp-json\/wp\/v2\/pages\/53","targetHints":{"allow":["GET"]}}],"collection":[{"href":"https:\/\/gelstertalschule.de\/wordpress\/wp-json\/wp\/v2\/pages"}],"about":[{"href":"https:\/\/gelstertalschule.de\/wordpress\/wp-json\/wp\/v2\/types\/page"}],"author":[{"embeddable":true,"href":"https:\/\/gelstertalschule.de\/wordpress\/wp-json\/wp\/v2\/users\/1"}],"replies":[{"embeddable":true,"href":"https:\/\/gelstertalschule.de\/wordpress\/wp-json\/wp\/v2\/comments?post=53"}],"version-history":[{"count":7,"href":"https:\/\/gelstertalschule.de\/wordpress\/wp-json\/wp\/v2\/pages\/53\/revisions"}],"predecessor-version":[{"id":4778,"href":"https:\/\/gelstertalschule.de\/wordpress\/wp-json\/wp\/v2\/pages\/53\/revisions\/4778"}],"wp:attachment":[{"href":"https:\/\/gelstertalschule.de\/wordpress\/wp-json\/wp\/v2\/media?parent=53"}],"curies":[{"name":"wp","href":"https:\/\/api.w.org\/{rel}","templated":true}]}}