{"id":4920,"date":"2024-11-27T12:16:19","date_gmt":"2024-11-27T11:16:19","guid":{"rendered":"https:\/\/gelstertalschule.de\/wordpress\/?page_id=4920"},"modified":"2026-03-16T09:24:15","modified_gmt":"2026-03-16T08:24:15","slug":"schuelerzeitung","status":"publish","type":"page","link":"https:\/\/gelstertalschule.de\/wordpress\/schuelerzeitung\/","title":{"rendered":"Sch\u00fclerzeitung"},"content":{"rendered":"<h2><a href=\"https:\/\/gelstertalschule.de\/wordpress\/wp-content\/uploads\/2026\/03\/2026-Ostern-Schuelerzeitung.pdf\"><span style=\"color: #000000;\"><span style=\"color: #0000ff;\">2026 Ostern<\/span> &#8211; Sch\u00fclerzeitung<\/span><\/a><\/h2>\n<h2><span style=\"color: #0000ff;\"><a style=\"color: #0000ff;\" href=\"https:\/\/gelstertalschule.de\/wordpress\/wp-content\/uploads\/2025\/12\/2025-Weihnachten-Schuelerzeitung.pdf\">2025 Weihnachten <span style=\"color: #000000;\">&#8211; Sch\u00fclerzeitung<\/span><\/a><\/span><\/h2>\n<h2><span style=\"color: #000000;\"><a style=\"color: #000000;\" href=\"https:\/\/gelstertalschule.de\/wordpress\/wp-content\/uploads\/2025\/09\/2025-Herbst.pdf\"><span style=\"color: #0000ff;\">2025 Herbst<span style=\"color: #000000;\"> &#8211; Sch\u00fclerzeitung<\/span><\/span><\/a><\/span><\/h2>\n<h2><\/h2>\n","protected":false},"excerpt":{"rendered":"<p>2026 Ostern &#8211; Sch\u00fclerzeitung 2025 Weihnachten &#8211; Sch\u00fclerzeitung 2025 Herbst &#8211; Sch\u00fclerzeitung<\/p>\n","protected":false},"author":4,"featured_media":0,"parent":0,"menu_order":0,"comment_status":"closed","ping_status":"closed","template":"","meta":{"footnotes":""},"class_list":["post-4920","page","type-page","status-publish","hentry"],"_links":{"self":[{"href":"https:\/\/gelstertalschule.de\/wordpress\/wp-json\/wp\/v2\/pages\/4920","targetHints":{"allow":["GET"]}}],"collection":[{"href":"https:\/\/gelstertalschule.de\/wordpress\/wp-json\/wp\/v2\/pages"}],"about":[{"href":"https:\/\/gelstertalschule.de\/wordpress\/wp-json\/wp\/v2\/types\/page"}],"author":[{"embeddable":true,"href":"https:\/\/gelstertalschule.de\/wordpress\/wp-json\/wp\/v2\/users\/4"}],"replies":[{"embeddable":true,"href":"https:\/\/gelstertalschule.de\/wordpress\/wp-json\/wp\/v2\/comments?post=4920"}],"version-history":[{"count":8,"href":"https:\/\/gelstertalschule.de\/wordpress\/wp-json\/wp\/v2\/pages\/4920\/revisions"}],"predecessor-version":[{"id":5092,"href":"https:\/\/gelstertalschule.de\/wordpress\/wp-json\/wp\/v2\/pages\/4920\/revisions\/5092"}],"wp:attachment":[{"href":"https:\/\/gelstertalschule.de\/wordpress\/wp-json\/wp\/v2\/media?parent=4920"}],"curies":[{"name":"wp","href":"https:\/\/api.w.org\/{rel}","templated":true}]}}