{"id":236,"date":"2014-03-23T12:45:44","date_gmt":"2014-03-23T10:45:44","guid":{"rendered":"http:\/\/gelstertalschule.de\/wordpress\/?page_id=236"},"modified":"2021-05-07T11:39:38","modified_gmt":"2021-05-07T10:39:38","slug":"lesefoerderung","status":"publish","type":"page","link":"https:\/\/gelstertalschule.de\/wordpress\/lesefoerderung\/","title":{"rendered":"Lesef\u00f6rderung"},"content":{"rendered":"<h3>Lesef\u00f6rderung findet neben dem Unterricht vor allem in unserer <span style=\"text-decoration: underline;\"><span style=\"color: #0000ff; text-decoration: underline;\">Schulb\u00fccherei<\/span> <\/span>statt.<\/h3>\n<h3>Mit \u00fcber 2500 B\u00fcchern ist diese f\u00fcr alle Alterstufen bestens ausgestattet. Die Kinder k\u00f6nnen dort unter Anleitung einer anwesenden Betreuungskraft st\u00f6bern, B\u00fccher anlesen, diese ausleihen, sich beraten lassen und \u00fcber bestimmte Themen informieren.<\/h3>\n<h3>Die B\u00fccherei ist jeden Morgen f\u00fcr unsere Kinder w\u00e4hrend der Unterrichtszeit sowie in den Pausen ge\u00f6ffnet!<\/h3>\n<h3>J\u00e4hrlich finden an unserer Schule <span style=\"color: #0000ff;\">Vorlesetage<\/span> mit Autorenlesungen sowie eine <span style=\"color: #0000ff;\">Lesewoche<\/span> statt.<\/h3>\n","protected":false},"excerpt":{"rendered":"<p>Lesef\u00f6rderung findet neben dem Unterricht vor allem in unserer Schulb\u00fccherei statt. Mit \u00fcber 2500 B\u00fcchern ist diese f\u00fcr alle Alterstufen bestens ausgestattet. Die Kinder k\u00f6nnen dort unter Anleitung einer anwesenden Betreuungskraft st\u00f6bern, B\u00fccher anlesen, diese ausleihen, sich beraten lassen und \u00fcber bestimmte Themen informieren. Die B\u00fccherei ist jeden Morgen f\u00fcr unsere Kinder w\u00e4hrend der Unterrichtszeit &hellip; <a href=\"https:\/\/gelstertalschule.de\/wordpress\/lesefoerderung\/\" class=\"more-link\"><span class=\"screen-reader-text\">Lesef\u00f6rderung<\/span> weiterlesen <span class=\"meta-nav\">&rarr;<\/span><\/a><\/p>\n","protected":false},"author":2,"featured_media":0,"parent":0,"menu_order":0,"comment_status":"closed","ping_status":"open","template":"","meta":{"footnotes":""},"class_list":["post-236","page","type-page","status-publish","hentry"],"_links":{"self":[{"href":"https:\/\/gelstertalschule.de\/wordpress\/wp-json\/wp\/v2\/pages\/236","targetHints":{"allow":["GET"]}}],"collection":[{"href":"https:\/\/gelstertalschule.de\/wordpress\/wp-json\/wp\/v2\/pages"}],"about":[{"href":"https:\/\/gelstertalschule.de\/wordpress\/wp-json\/wp\/v2\/types\/page"}],"author":[{"embeddable":true,"href":"https:\/\/gelstertalschule.de\/wordpress\/wp-json\/wp\/v2\/users\/2"}],"replies":[{"embeddable":true,"href":"https:\/\/gelstertalschule.de\/wordpress\/wp-json\/wp\/v2\/comments?post=236"}],"version-history":[{"count":8,"href":"https:\/\/gelstertalschule.de\/wordpress\/wp-json\/wp\/v2\/pages\/236\/revisions"}],"predecessor-version":[{"id":3977,"href":"https:\/\/gelstertalschule.de\/wordpress\/wp-json\/wp\/v2\/pages\/236\/revisions\/3977"}],"wp:attachment":[{"href":"https:\/\/gelstertalschule.de\/wordpress\/wp-json\/wp\/v2\/media?parent=236"}],"curies":[{"name":"wp","href":"https:\/\/api.w.org\/{rel}","templated":true}]}}