{"id":233,"date":"2014-03-23T12:45:21","date_gmt":"2014-03-23T10:45:21","guid":{"rendered":"http:\/\/gelstertalschule.de\/wordpress\/?page_id=233"},"modified":"2021-05-07T11:16:36","modified_gmt":"2021-05-07T10:16:36","slug":"gesundheitsfoerderung","status":"publish","type":"page","link":"https:\/\/gelstertalschule.de\/wordpress\/gesundheitsfoerderung\/","title":{"rendered":"Gesundheitsf\u00f6rderung"},"content":{"rendered":"<h4><span style=\"color: #0000ff;\"><strong><span style=\"text-decoration: underline;\">Gesundes Fr\u00fchst\u00fcck<\/span> w\u00f6chentlich pro Klasse<\/strong><\/span><\/h4>\n<p>Einmal w\u00f6chentlich wird in den Klassen ein <strong>gesundes Fr\u00fchst\u00fcck<\/strong> ausgerichtet. Dazu bringen alle Kinder einen kleinen gesunden Beitrag von zu Hause mit in die Klasse f\u00fcr das gemeinsame &#8222;Fr\u00fchst\u00fccksbuffet&#8220;.<\/p>\n<h4><span style=\"color: #0000ff;\"><strong><span style=\"text-decoration: underline;\">Sport<\/span> und Bewegungsf\u00f6rderung<\/strong><\/span><\/h4>\n<p>Einmal im Jahr findet ein <strong>Lauftag<\/strong> \/ <strong>Sponsorenlauf<\/strong> f\u00fcr alle Klassen unserer Schule statt. Daf\u00fcr wird vorab im Sportunterricht trainiert. Zus\u00e4tzlich gibt es jedes Jahr einen <strong>Skipping Hearts Tag<\/strong>\u00a0 der Herzsport-Kampagne. Dabei springen die Kinder Seil und trainieren Ihr Herz-K\u00f6rper-Kreislauf ganzheitlich.<\/p>\n<p>Wir bereichern unsere Unterrichtsstunden in allen Klassen regelm\u00e4\u00dfig durch <strong>kurze Bewegungseinheiten<\/strong>, welche zum Ausgleich der Kinder und einem nachweislich verbesserten Konzentrations und Leistunsgverm\u00f6gen beitragen.<\/p>\n<p>Schulsport wird bei vielen Gelegenheiten besonders heraus gestellt: Nicht nur die <strong>Bundesjugendspiele<\/strong> mit\u00a0ihrem langen\u00a0Vorlauf, auch die <strong>Bewegungsstunden<\/strong> auf dem Schulhof per Fu\u00df oder Rad, die <strong>w\u00f6chentlichen 3 Sportstunden<\/strong>, davon in den Klassen 4 <strong>zwei Schwimmstunden<\/strong>, sowie <strong>sportliche AG am Nachmittag<\/strong> f\u00f6rdern die Gesundheit unserer Kinder.<\/p>\n<p>F\u00fcr die Klassen 4 gibt es in \u00a0jedem Sommer ein <strong>Spiel- und Sportfest<\/strong> in der Gesamtschule zusammen mit den Klassen 5. Die Klassen 4 haben dar\u00fcber hinaus \u00fcber 6 Wochen die Jugendverkehrsschule mit praktischen <strong>Radfahr\u00fcbungen<\/strong> auch in unserem Dorf zu absolvieren.<\/p>\n<h4><span style=\"color: #0000ff;\"><span style=\"text-decoration: underline;\">Ern\u00e4hrungsf\u00fchrerschein<\/span> in allen Klassen 4<\/span><\/h4>\n<p>Die Kinder der Klassen 4\u00a0 erwerben im Laufe des Schuljahres einen <strong>Ern\u00e4hrungsf\u00fchrerschein<\/strong>. Zum Abschluss wird eine &#8222;Pr\u00fcfung&#8220; absolviert und alle Kinder haben innerhalb einer Kleingruppe die Aufgabe, ein Essen vorzubereiten und dazu den Tisch passend zu decken und zu dekorieren.<\/p>\n","protected":false},"excerpt":{"rendered":"<p>Gesundes Fr\u00fchst\u00fcck w\u00f6chentlich pro Klasse Einmal w\u00f6chentlich wird in den Klassen ein gesundes Fr\u00fchst\u00fcck ausgerichtet. Dazu bringen alle Kinder einen kleinen gesunden Beitrag von zu Hause mit in die Klasse f\u00fcr das gemeinsame &#8222;Fr\u00fchst\u00fccksbuffet&#8220;. Sport und Bewegungsf\u00f6rderung Einmal im Jahr findet ein Lauftag \/ Sponsorenlauf f\u00fcr alle Klassen unserer Schule statt. Daf\u00fcr wird vorab im &hellip; <a href=\"https:\/\/gelstertalschule.de\/wordpress\/gesundheitsfoerderung\/\" class=\"more-link\"><span class=\"screen-reader-text\">Gesundheitsf\u00f6rderung<\/span> weiterlesen <span class=\"meta-nav\">&rarr;<\/span><\/a><\/p>\n","protected":false},"author":2,"featured_media":0,"parent":0,"menu_order":0,"comment_status":"closed","ping_status":"open","template":"","meta":{"footnotes":""},"class_list":["post-233","page","type-page","status-publish","hentry"],"_links":{"self":[{"href":"https:\/\/gelstertalschule.de\/wordpress\/wp-json\/wp\/v2\/pages\/233","targetHints":{"allow":["GET"]}}],"collection":[{"href":"https:\/\/gelstertalschule.de\/wordpress\/wp-json\/wp\/v2\/pages"}],"about":[{"href":"https:\/\/gelstertalschule.de\/wordpress\/wp-json\/wp\/v2\/types\/page"}],"author":[{"embeddable":true,"href":"https:\/\/gelstertalschule.de\/wordpress\/wp-json\/wp\/v2\/users\/2"}],"replies":[{"embeddable":true,"href":"https:\/\/gelstertalschule.de\/wordpress\/wp-json\/wp\/v2\/comments?post=233"}],"version-history":[{"count":9,"href":"https:\/\/gelstertalschule.de\/wordpress\/wp-json\/wp\/v2\/pages\/233\/revisions"}],"predecessor-version":[{"id":3974,"href":"https:\/\/gelstertalschule.de\/wordpress\/wp-json\/wp\/v2\/pages\/233\/revisions\/3974"}],"wp:attachment":[{"href":"https:\/\/gelstertalschule.de\/wordpress\/wp-json\/wp\/v2\/media?parent=233"}],"curies":[{"name":"wp","href":"https:\/\/api.w.org\/{rel}","templated":true}]}}