{"id":231,"date":"2014-03-23T12:45:07","date_gmt":"2014-03-23T10:45:07","guid":{"rendered":"http:\/\/gelstertalschule.de\/wordpress\/?page_id=231"},"modified":"2021-05-11T12:13:28","modified_gmt":"2021-05-11T11:13:28","slug":"unsere-leitbilder","status":"publish","type":"page","link":"https:\/\/gelstertalschule.de\/wordpress\/unsere-leitbilder\/","title":{"rendered":"Unsere Leitbilder"},"content":{"rendered":"<h3 style=\"text-align: justify;\"><a href=\"https:\/\/gelstertalschule.de\/wordpress\/wp-content\/uploads\/2014\/03\/blume2.png\"><img loading=\"lazy\" decoding=\"async\" class=\"wp-image-375 aligncenter\" src=\"https:\/\/gelstertalschule.de\/wordpress\/wp-content\/uploads\/2014\/03\/blume2-278x300.png\" alt=\"blume2\" width=\"247\" height=\"259\" \/><\/a>Wir wirken&#8230;<\/h3>\n<h3 style=\"text-align: justify;\"><span style=\"color: #0000ff;\">im sozialen Miteinander:<\/span><br \/>\nDas Zusammenleben in unserer Schulgemeinde f\u00f6rdert das Verst\u00e4ndnis f\u00fcreinander. Wir f\u00f6rdern Hilfsbereitschaft und Empathie und wir f\u00f6rdern das Engagement f\u00fcr Schw\u00e4chere und f\u00fcr die Gemeinschaft. Lernen findet bei uns in einer Attmosph\u00e4re statt, in der sich alle Beteiligten wohlf\u00fchlen sollen.<\/h3>\n<h3 style=\"text-align: justify;\"><span style=\"color: #0000ff;\">kommunikativ:<\/span><br \/>\nWir pflegen eine offene und gewaltfreie Kommunikation, wir informieren fr\u00fchzeitig und beziehen die Standpunkte und W\u00fcnsche aller Beteiligten in unsere Entscheidungen mit ein.<\/h3>\n<h3 style=\"text-align: justify;\"><span style=\"color: #0000ff;\">nachhaltig:<\/span><br \/>\nWir lehren, lernen und wirken nachhaltig, somit langfristig und zukunftsorientiert. Unsere Schwerpunkte der Eine-Welt-Schule sowie der Bildung f\u00fcr nachhaltige Entwicklung (BNE) f\u00f6rdern diesen Ansatz kontinuierlich und wecken Interesse und Verst\u00e4ndnis unserer Kinder f\u00fcr unterschiedliche Lebensumst\u00e4nde von Lebewesen auf den verschiedenen Erdteilen.<br \/>\nDie Natur zu achten, zu sch\u00fctzen und zu bewahren ist f\u00fcr uns selbstverst\u00e4ndlich.<\/h3>\n<h3 style=\"text-align: justify;\"><span style=\"color: #0000ff;\">kreativ:<\/span><br \/>\nWir st\u00e4rken Kinder in ihren individuellen Ausdrucksm\u00f6glichkeiten in allen Lernbereichen und machen Angebote f\u00fcr eine pers\u00f6nliche Entfaltung.<\/h3>\n<h3 style=\"text-align: justify;\"><span style=\"color: #0000ff;\">individuell:<\/span><br \/>\nWir nehmen jeden Menschen in seiner Gesamtpers\u00f6nlichkeit an und st\u00e4rken unsere Kinder auf ihrem individuellen Weg des Lernens und Arbeitens in der Gemeinschaft.<\/h3>\n<h3 style=\"text-align: justify;\"><span style=\"color: #0000ff;\">authentisch:<\/span><br \/>\nWir achten darauf, dass Kommunikation und Handlung bei uns im Einklang stehen. Wir leben das vor, was wir bei unseren Sch\u00fclerinnen und Sch\u00fclern in ihrer Pers\u00f6nlichkeitsentwicklung f\u00f6rdern m\u00f6chten. So sind wir glaubw\u00fcrdig und bringen uns in unsere Schulgemeinschaft mit unserer einzigartigen Pers\u00f6nlichkeit ein.<\/h3>\n<h3 style=\"text-align: justify;\"><span style=\"color: #0000ff;\">eigenverantwortlich:<\/span><br \/>\nWir begleiten unsere Kinder behutsam in ihrer Entwicklung zur \u00dcbernahme von Verantwortung f\u00fcr das eigene Handeln, Lernen sowie im Umgang mit sich selbst und mit anderen. Dabei st\u00e4rken wir die Selbstst\u00e4ndigkeit eines jeden Einzelnen.<\/h3>\n","protected":false},"excerpt":{"rendered":"<p>Wir wirken&#8230; im sozialen Miteinander: Das Zusammenleben in unserer Schulgemeinde f\u00f6rdert das Verst\u00e4ndnis f\u00fcreinander. Wir f\u00f6rdern Hilfsbereitschaft und Empathie und wir f\u00f6rdern das Engagement f\u00fcr Schw\u00e4chere und f\u00fcr die Gemeinschaft. Lernen findet bei uns in einer Attmosph\u00e4re statt, in der sich alle Beteiligten wohlf\u00fchlen sollen. kommunikativ: Wir pflegen eine offene und gewaltfreie Kommunikation, wir informieren &hellip; <a href=\"https:\/\/gelstertalschule.de\/wordpress\/unsere-leitbilder\/\" class=\"more-link\"><span class=\"screen-reader-text\">Unsere Leitbilder<\/span> weiterlesen <span class=\"meta-nav\">&rarr;<\/span><\/a><\/p>\n","protected":false},"author":2,"featured_media":0,"parent":0,"menu_order":0,"comment_status":"closed","ping_status":"open","template":"","meta":{"footnotes":""},"class_list":["post-231","page","type-page","status-publish","hentry"],"_links":{"self":[{"href":"https:\/\/gelstertalschule.de\/wordpress\/wp-json\/wp\/v2\/pages\/231","targetHints":{"allow":["GET"]}}],"collection":[{"href":"https:\/\/gelstertalschule.de\/wordpress\/wp-json\/wp\/v2\/pages"}],"about":[{"href":"https:\/\/gelstertalschule.de\/wordpress\/wp-json\/wp\/v2\/types\/page"}],"author":[{"embeddable":true,"href":"https:\/\/gelstertalschule.de\/wordpress\/wp-json\/wp\/v2\/users\/2"}],"replies":[{"embeddable":true,"href":"https:\/\/gelstertalschule.de\/wordpress\/wp-json\/wp\/v2\/comments?post=231"}],"version-history":[{"count":10,"href":"https:\/\/gelstertalschule.de\/wordpress\/wp-json\/wp\/v2\/pages\/231\/revisions"}],"predecessor-version":[{"id":3991,"href":"https:\/\/gelstertalschule.de\/wordpress\/wp-json\/wp\/v2\/pages\/231\/revisions\/3991"}],"wp:attachment":[{"href":"https:\/\/gelstertalschule.de\/wordpress\/wp-json\/wp\/v2\/media?parent=231"}],"curies":[{"name":"wp","href":"https:\/\/api.w.org\/{rel}","templated":true}]}}