{"id":22,"date":"2014-03-14T10:49:47","date_gmt":"2014-03-14T08:49:47","guid":{"rendered":"http:\/\/gelstertalschule.de\/wordpress\/?page_id=22"},"modified":"2025-10-31T12:26:35","modified_gmt":"2025-10-31T11:26:35","slug":"downlaods","status":"publish","type":"page","link":"https:\/\/gelstertalschule.de\/wordpress\/downlaods\/","title":{"rendered":"Downloads"},"content":{"rendered":"<h3><a href=\"https:\/\/gelstertalschule.de\/wordpress\/wp-content\/uploads\/2025\/06\/5.-ABC-der-Gelstertalschule-final-2025-26.pdf\"><span style=\"text-decoration: underline;\"><span style=\"color: #0000ff; text-decoration: underline;\">ABC der Gelstertalschule<\/span><\/span><\/a> 2025-26<\/h3>\n<h3><span style=\"color: #000000;\"><a href=\"https:\/\/gelstertalschule.de\/wordpress\/wp-content\/uploads\/2024\/06\/Busse-Abfahrtszeiten-Ankunft.pdf\"><span style=\"color: #000000;\"><span style=\"text-decoration: underline;\"><span style=\"color: #0000ff; text-decoration: underline;\">Busse<\/span> <\/span>&#8211; Abfahrtszeiten &amp; Ankunft<\/span><\/a><\/span><\/h3>\n<h3><a href=\"https:\/\/gelstertalschule.de\/wordpress\/wp-content\/uploads\/2023\/04\/Gestattungsantrag.pdf\"><span style=\"color: #000000;\"><span style=\"text-decoration: underline;\"><span style=\"color: #0000ff; text-decoration: underline;\">Gestattungsantrag<\/span> <\/span>zum Besuch einer anderen Grundschule<\/span><\/a><\/h3>\n<h3><span style=\"color: #000000;\"><a style=\"color: #000000;\" href=\"https:\/\/gelstertalschule.de\/wordpress\/wp-content\/uploads\/2025\/05\/Leistungsbewertung-Beurteilung-Stand-05.2025.pdf\"><span style=\"text-decoration: underline;\"><span style=\"color: #0000ff; text-decoration: underline;\">Leistungsbewertung<\/span> <\/span>&#8211; alle F\u00e4cher <em>(Stand: 05.2025)<\/em><\/a><\/span><\/h3>\n<h3><a href=\"https:\/\/gelstertalschule.de\/wordpress\/wp-content\/uploads\/2025\/04\/Medienbildungskonzept-04.2025.pdf\"><span style=\"text-decoration: underline;\"><span style=\"color: #0000ff; text-decoration: underline;\">Medienbildungskonzept<\/span> <\/span><em><span style=\"color: #000000;\">(Stand: 04.2025)<\/span><\/em><\/a><\/h3>\n<h3><span style=\"text-decoration: underline;\"><span style=\"color: #0000ff;\"><a style=\"color: #0000ff; text-decoration: underline;\" href=\"https:\/\/gelstertalschule.de\/wordpress\/wp-content\/uploads\/2025\/10\/2025-Meldepflichtige-Krankheiten-Elterninfo.pdf\">Meldepflichtige Krankheiten<\/a><\/span><\/span><\/h3>\n<h3><span style=\"color: #000000;\"><a style=\"color: #000000;\" href=\"https:\/\/gelstertalschule.de\/wordpress\/wp-content\/uploads\/2025\/04\/2025_04-Registrierung-Mittagessen-i-NET-Menue.pdf\"><span style=\"text-decoration: underline;\"><span style=\"color: #0000ff; text-decoration: underline;\">Mittagessen<\/span> <\/span>im Ganztag &#8211; <span style=\"text-decoration: underline;\"><span style=\"color: #0000ff; text-decoration: underline;\">Registrierung<\/span> <\/span>i-NET-Men\u00fc<\/a><\/span><\/h3>\n<h3><a href=\"https:\/\/gelstertalschule.de\/wordpress\/wp-content\/uploads\/2023\/02\/Schulanmeldung.pdf\"><span style=\"color: #000000;\"><span style=\"text-decoration: underline; color: #0000ff;\">Schulanmeldung<\/span> f\u00fcr die Gelstertalschule<\/span><\/a><\/h3>\n<h3><a href=\"https:\/\/gelstertalschule.de\/wordpress\/wp-content\/uploads\/2024\/09\/Schulordnung-Stand-09.2024.pdf\"><span style=\"color: #000000;\"><span style=\"text-decoration: underline; color: #0000ff;\">Schulordnung <\/span>der Gelstertalschule <\/span><em><span style=\"color: #000000;\">(Stand: 09.2024)<\/span><\/em><\/a><\/h3>\n<h3><span style=\"color: #000000;\"><a style=\"color: #000000;\" href=\"https:\/\/gelstertalschule.de\/wordpress\/wp-content\/uploads\/2023\/06\/Praktikum-an-Gelstertalschule-Grundsaetze.pdf\"><span style=\"text-decoration: underline;\"><span style=\"color: #0000ff; text-decoration: underline;\">Praktikum<\/span><\/span> an Gelstertalschule &#8211; Grunds\u00e4tze<\/a><\/span><\/h3>\n","protected":false},"excerpt":{"rendered":"<p>ABC der Gelstertalschule 2025-26 Busse &#8211; Abfahrtszeiten &amp; Ankunft Gestattungsantrag zum Besuch einer anderen Grundschule Leistungsbewertung &#8211; alle F\u00e4cher (Stand: 05.2025) Medienbildungskonzept (Stand: 04.2025) Meldepflichtige Krankheiten Mittagessen im Ganztag &#8211; Registrierung i-NET-Men\u00fc Schulanmeldung f\u00fcr die Gelstertalschule Schulordnung der Gelstertalschule (Stand: 09.2024) Praktikum an Gelstertalschule &#8211; Grunds\u00e4tze<\/p>\n","protected":false},"author":1,"featured_media":0,"parent":0,"menu_order":0,"comment_status":"closed","ping_status":"open","template":"","meta":{"footnotes":""},"class_list":["post-22","page","type-page","status-publish","hentry"],"_links":{"self":[{"href":"https:\/\/gelstertalschule.de\/wordpress\/wp-json\/wp\/v2\/pages\/22","targetHints":{"allow":["GET"]}}],"collection":[{"href":"https:\/\/gelstertalschule.de\/wordpress\/wp-json\/wp\/v2\/pages"}],"about":[{"href":"https:\/\/gelstertalschule.de\/wordpress\/wp-json\/wp\/v2\/types\/page"}],"author":[{"embeddable":true,"href":"https:\/\/gelstertalschule.de\/wordpress\/wp-json\/wp\/v2\/users\/1"}],"replies":[{"embeddable":true,"href":"https:\/\/gelstertalschule.de\/wordpress\/wp-json\/wp\/v2\/comments?post=22"}],"version-history":[{"count":62,"href":"https:\/\/gelstertalschule.de\/wordpress\/wp-json\/wp\/v2\/pages\/22\/revisions"}],"predecessor-version":[{"id":5050,"href":"https:\/\/gelstertalschule.de\/wordpress\/wp-json\/wp\/v2\/pages\/22\/revisions\/5050"}],"wp:attachment":[{"href":"https:\/\/gelstertalschule.de\/wordpress\/wp-json\/wp\/v2\/media?parent=22"}],"curies":[{"name":"wp","href":"https:\/\/api.w.org\/{rel}","templated":true}]}}