{"id":205,"date":"2014-03-23T12:35:16","date_gmt":"2014-03-23T10:35:16","guid":{"rendered":"http:\/\/gelstertalschule.de\/wordpress\/?page_id=205"},"modified":"2025-10-27T13:56:33","modified_gmt":"2025-10-27T12:56:33","slug":"verwaltung-und-sekretariat","status":"publish","type":"page","link":"https:\/\/gelstertalschule.de\/wordpress\/unsere-schule\/verwaltung-und-sekretariat\/","title":{"rendered":"Schulb\u00fcro und Sprechzeiten"},"content":{"rendered":"<p><strong>Schulsekret\u00e4rin: \u00a0 \u00a0 \u00a0 \u00a0 \u00a0 \u00a0 \u00a0 \u00a0 \u00a0 \u00a0 \u00a0 \u00a0 \u00a0\u00a0 Manuela Engelmohr<\/strong><\/p>\n<p><strong>Schulleiter:<\/strong> \u00a0 \u00a0 \u00a0 \u00a0 \u00a0 \u00a0 \u00a0 \u00a0 \u00a0 \u00a0 \u00a0 \u00a0 \u00a0 \u00a0 \u00a0 \u00a0 \u00a0\u00a0 Thomas Ochs<\/p>\n<p><strong>Stellvertretende Schulleiterin:<\/strong>\u00a0\u00a0\u00a0\u00a0 Anja Spindler<\/p>\n<p><strong>Abwesenheitsvertretung:\u00a0\u00a0\u00a0\u00a0\u00a0\u00a0\u00a0\u00a0\u00a0\u00a0\u00a0\u00a0\u00a0\u00a0 \u00a0\u00a0 <\/strong>Silke Schm\u00fccker<\/p>\n<p>&nbsp;<\/p>\n<h4><span style=\"color: #0000ff;\"><strong><u>\u00d6ffnungszeiten des Schulb\u00fcros:<\/u><\/strong><\/span><\/h4>\n<p>Montags:\u00a0\u00a0\u00a0\u00a0\u00a0\u00a0\u00a0\u00a0 7:30 Uhr bis 15:00 Uhr<\/p>\n<p>Donnerstags:\u00a0\u00a0\u00a0\u00a0\u00a0\u00a0 7:30 Uhr bis 15:00 Uhr<\/p>\n<p>Freitags: \u00a0 \u00a0 \u00a0 \u00a0\u00a0 7:30 Uhr bis 13:30 Uhr<\/p>\n<p>Telefon: <strong>05542-2415<\/strong><\/p>\n<p>Fax: 05542-911764<\/p>\n<p>E-Mail: <a href=\"mailto:gelstertalschule@t-online.de\"><span style=\"color: #000000;\"><strong>poststelle7586@schule.hessen.de<\/strong><\/span><\/a><\/p>\n","protected":false},"excerpt":{"rendered":"<p>Schulsekret\u00e4rin: \u00a0 \u00a0 \u00a0 \u00a0 \u00a0 \u00a0 \u00a0 \u00a0 \u00a0 \u00a0 \u00a0 \u00a0 \u00a0\u00a0 Manuela Engelmohr Schulleiter: \u00a0 \u00a0 \u00a0 \u00a0 \u00a0 \u00a0 \u00a0 \u00a0 \u00a0 \u00a0 \u00a0 \u00a0 \u00a0 \u00a0 \u00a0 \u00a0 \u00a0\u00a0 Thomas Ochs Stellvertretende Schulleiterin:\u00a0\u00a0\u00a0\u00a0 Anja Spindler Abwesenheitsvertretung:\u00a0\u00a0\u00a0\u00a0\u00a0\u00a0\u00a0\u00a0\u00a0\u00a0\u00a0\u00a0\u00a0\u00a0 \u00a0\u00a0 Silke Schm\u00fccker &nbsp; \u00d6ffnungszeiten des Schulb\u00fcros: Montags:\u00a0\u00a0\u00a0\u00a0\u00a0\u00a0\u00a0\u00a0 7:30 Uhr bis 15:00 Uhr Donnerstags:\u00a0\u00a0\u00a0\u00a0\u00a0\u00a0 &hellip; <a href=\"https:\/\/gelstertalschule.de\/wordpress\/unsere-schule\/verwaltung-und-sekretariat\/\" class=\"more-link\"><span class=\"screen-reader-text\">Schulb\u00fcro und Sprechzeiten<\/span> weiterlesen <span class=\"meta-nav\">&rarr;<\/span><\/a><\/p>\n","protected":false},"author":2,"featured_media":0,"parent":6,"menu_order":0,"comment_status":"closed","ping_status":"open","template":"","meta":{"footnotes":""},"class_list":["post-205","page","type-page","status-publish","hentry"],"_links":{"self":[{"href":"https:\/\/gelstertalschule.de\/wordpress\/wp-json\/wp\/v2\/pages\/205","targetHints":{"allow":["GET"]}}],"collection":[{"href":"https:\/\/gelstertalschule.de\/wordpress\/wp-json\/wp\/v2\/pages"}],"about":[{"href":"https:\/\/gelstertalschule.de\/wordpress\/wp-json\/wp\/v2\/types\/page"}],"author":[{"embeddable":true,"href":"https:\/\/gelstertalschule.de\/wordpress\/wp-json\/wp\/v2\/users\/2"}],"replies":[{"embeddable":true,"href":"https:\/\/gelstertalschule.de\/wordpress\/wp-json\/wp\/v2\/comments?post=205"}],"version-history":[{"count":27,"href":"https:\/\/gelstertalschule.de\/wordpress\/wp-json\/wp\/v2\/pages\/205\/revisions"}],"predecessor-version":[{"id":5047,"href":"https:\/\/gelstertalschule.de\/wordpress\/wp-json\/wp\/v2\/pages\/205\/revisions\/5047"}],"up":[{"embeddable":true,"href":"https:\/\/gelstertalschule.de\/wordpress\/wp-json\/wp\/v2\/pages\/6"}],"wp:attachment":[{"href":"https:\/\/gelstertalschule.de\/wordpress\/wp-json\/wp\/v2\/media?parent=205"}],"curies":[{"name":"wp","href":"https:\/\/api.w.org\/{rel}","templated":true}]}}