{"id":203,"date":"2014-03-23T12:33:56","date_gmt":"2014-03-23T10:33:56","guid":{"rendered":"http:\/\/gelstertalschule.de\/wordpress\/?page_id=203"},"modified":"2021-05-07T10:56:13","modified_gmt":"2021-05-07T09:56:13","slug":"unterrichtszeiten-und-fahrplan","status":"publish","type":"page","link":"https:\/\/gelstertalschule.de\/wordpress\/unsere-schule\/unterrichtszeiten-und-fahrplan\/","title":{"rendered":"Unterrichtszeiten und Fahrplan"},"content":{"rendered":"<h2 align=\"left\"><span style=\"color: #000000;\">Unsere <\/span><span style=\"text-decoration: underline;\"><span style=\"color: #000000; text-decoration: underline;\">Unterrichtszeiten<\/span><\/span><\/h2>\n<h4><em>Fr\u00fchbetreuung ab 7:30 Uhr<\/em><\/h4>\n<h4>1. Stunde 8:00 &#8211; 8:45 Uhr<\/h4>\n<h4>2. Stunde 8:45 &#8211; 9:30 Uhr<\/h4>\n<h4><span style=\"color: #008000;\">Klassenfr\u00fchst\u00fcck 9:30 &#8211; 9:40 Uhr<\/span><\/h4>\n<h4><span style=\"color: #008000;\">1. Pause 9:40 &#8211; 10:00 Uhr<\/span><\/h4>\n<h4>3. Stunde 10:00 &#8211; 10:45 Uhr<\/h4>\n<h4>4. Stunde 10:45 &#8211; 11:30 Uhr<\/h4>\n<h4><span style=\"color: #008000;\">2. Pause 11:30 &#8211; 11:45 Uhr<\/span><\/h4>\n<h4>5. Stunde 11:45 &#8211; 12:30 Uhr<\/h4>\n<p>&nbsp;<\/p>\n<h2 align=\"left\">Unsere <span style=\"text-decoration: underline;\">Ganztagszeiten<\/span><\/h2>\n<h4>11:45 Uhr Hausaufgabenbetreuung Klasse 1 + 2<\/h4>\n<h4><span style=\"color: #008000;\">12:30 Uhr Mittagessen Klasse 1 + 2<\/span><\/h4>\n<h4>12:30 Uhr Hausaufgabenbetreuung Klasse 3 + 4<\/h4>\n<h4><span style=\"color: #008000;\">13:15 Uhr Mittagessen Klasse 3 + 4<\/span><\/h4>\n<h4>Bis 14:00 Uhr Pause<\/h4>\n<h4><span style=\"color: #ff0000;\">14:00 Uhr Arbeitsgemeinschaften (AGs)<\/span><\/h4>\n<h4>14:45 &#8211; 17:00 Uhr Betreuung<\/h4>\n<p><span style=\"color: #000000;\">\u00a0\u00a0\u00a0\u00a0\u00a0\u00a0\u00a0\u00a0\u00a0\u00a0\u00a0\u00a0\u00a0\u00a0\u00a0\u00a0\u00a0\u00a0\u00a0\u00a0 <\/span><\/p>\n<h2 align=\"left\"><span style=\"text-decoration: underline;\"><span style=\"color: #000000; text-decoration: underline;\">Abfahrtszeiten der Busse zur <\/span><\/span><span style=\"text-decoration: underline;\"><span style=\"color: #000000; text-decoration: underline;\">Gelstertalschule 2020\/2021<\/span><\/span><\/h2>\n<p><span style=\"color: #000000;\">\u00a0\u00a0\u00a0\u00a0\u00a0\u00a0\u00a0\u00a0\u00a0\u00a0\u00a0\u00a0\u00a0\u00a0\u00a0\u00a0\u00a0\u00a0\u00a0\u00a0\u00a0\u00a0\u00a0\u00a0\u00a0\u00a0\u00a0\u00a0\u00a0\u00a0\u00a0\u00a0\u00a0\u00a0\u00a0\u00a0\u00a0\u00a0\u00a0\u00a0\u00a0\u00a0\u00a0\u00a0\u00a0\u00a0\u00a0\u00a0\u00a0\u00a0\u00a0\u00a0 \u00a0\u00a0 1. Anfahrt\u00a0\u00a0\u00a0\u00a0\u00a0\u00a0\u00a0\u00a0\u00a0\u00a0\u00a0\u00a0\u00a0\u00a0\u00a0\u00a0\u00a0\u00a0\u00a0\u00a0\u00a0\u00a0\u00a0\u00a0 2. Anfahrt\u00a0\u00a0\u00a0\u00a0\u00a0\u00a0\u00a0\u00a0\u00a0\u00a0\u00a0\u00a0\u00a0\u00a0 <\/span><\/p>\n<p><span style=\"color: #000000;\">\u00a0\u00a0\u00a0\u00a0\u00a0\u00a0\u00a0\u00a0\u00a0\u00a0\u00a0\u00a0\u00a0\u00a0\u00a0\u00a0\u00a0\u00a0\u00a0 <\/span><\/p>\n<p><span style=\"color: #000000;\">Ermschwerd\u00a0\u00a0\u00a0\u00a0\u00a0\u00a0\u00a0\u00a0\u00a0\u00a0\u00a0\u00a0\u00a0\u00a0\u00a0\u00a0\u00a0\u00a0\u00a0\u00a0 \u00a0\u00a0\u00a0\u00a0\u00a0\u00a0\u00a0\u00a0\u00a0 7:30 Uhr\u00a0\u00a0\u00a0\u00a0\u00a0\u00a0\u00a0\u00a0\u00a0\u00a0\u00a0\u00a0\u00a0\u00a0\u00a0\u00a0\u00a0\u00a0\u00a0\u00a0\u00a0\u00a0\u00a0\u00a0\u00a0\u00a0 8:15 Uhr\u00a0\u00a0\u00a0\u00a0\u00a0\u00a0\u00a0\u00a0\u00a0\u00a0\u00a0\u00a0\u00a0\u00a0\u00a0\u00a0 <\/span><\/p>\n<p><span style=\"color: #000000;\">Hubenrode\u00a0\u00a0\u00a0\u00a0\u00a0\u00a0\u00a0\u00a0\u00a0\u00a0\u00a0\u00a0\u00a0\u00a0\u00a0\u00a0\u00a0\u00a0\u00a0\u00a0\u00a0\u00a0\u00a0\u00a0\u00a0\u00a0\u00a0\u00a0\u00a0\u00a0\u00a0\u00a0 7:35 Uhr\u00a0\u00a0\u00a0\u00a0\u00a0\u00a0\u00a0\u00a0\u00a0\u00a0\u00a0\u00a0\u00a0\u00a0\u00a0\u00a0\u00a0\u00a0\u00a0\u00a0\u00a0\u00a0\u00a0\u00a0\u00a0\u00a0 8:20 Uhr\u00a0\u00a0\u00a0\u00a0\u00a0\u00a0\u00a0\u00a0\u00a0\u00a0\u00a0\u00a0\u00a0\u00a0\u00a0\u00a0 <\/span><\/p>\n<p><span style=\"color: #000000;\">Kleinalmerode\u00a0\u00a0\u00a0\u00a0\u00a0\u00a0\u00a0\u00a0\u00a0\u00a0\u00a0\u00a0\u00a0\u00a0\u00a0\u00a0\u00a0\u00a0\u00a0\u00a0\u00a0\u00a0\u00a0\u00a0\u00a0\u00a07:38 Uhr\u00a0\u00a0\u00a0\u00a0\u00a0\u00a0\u00a0\u00a0\u00a0\u00a0\u00a0\u00a0\u00a0\u00a0\u00a0\u00a0\u00a0\u00a0\u00a0\u00a0\u00a0\u00a0\u00a0\u00a0\u00a0\u00a0 8:23 Uhr <\/span><\/p>\n<p><span style=\"color: #000000;\">Ellingerode\u00a0\u00a0\u00a0\u00a0\u00a0\u00a0\u00a0\u00a0\u00a0\u00a0\u00a0\u00a0\u00a0\u00a0\u00a0\u00a0\u00a0\u00a0\u00a0\u00a0\u00a0\u00a0\u00a0\u00a0\u00a0\u00a0\u00a0\u00a0\u00a0\u00a0\u00a0 \u00a07:28 Uhr \u00a0\u00a0\u00a0\u00a0\u00a0\u00a0\u00a0\u00a0\u00a0\u00a0\u00a0\u00a0\u00a0\u00a0\u00a0\u00a0\u00a0\u00a0\u00a0\u00a0\u00a0\u00a0\u00a0\u00a0\u00a0 8:27 Uhr\u00a0\u00a0\u00a0\u00a0\u00a0\u00a0 <\/span><\/p>\n<p><span style=\"color: #000000;\">Ro\u00dfbach\u00a0\u00a0\u00a0\u00a0\u00a0\u00a0\u00a0\u00a0\u00a0\u00a0\u00a0\u00a0\u00a0\u00a0\u00a0\u00a0\u00a0\u00a0\u00a0\u00a0\u00a0\u00a0\u00a0\u00a0\u00a0\u00a0\u00a0\u00a0\u00a0\u00a0\u00a0\u00a0\u00a0\u00a0\u00a0\u00a0\u00a0 7:34 Uhr\u00a0\/7.44\u00a0\u00a0\u00a0\u00a0\u00a0\u00a0\u00a0\u00a0\u00a0\u00a0\u00a0\u00a0\u00a0\u00a0\u00a0\u00a08:31 Uhr\u00a0\u00a0\u00a0\u00a0\u00a0\u00a0\u00a0\u00a0\u00a0\u00a0\u00a0\u00a0\u00a0\u00a0\u00a0\u00a0\u00a0\u00a0 <\/span><\/p>\n<p><span style=\"color: #000000;\">Dohrenbach\u00a0\u00a0\u00a0\u00a0\u00a0\u00a0\u00a0\u00a0\u00a0\u00a0\u00a0\u00a0\u00a0\u00a0\u00a0\u00a0\u00a0\u00a0\u00a0\u00a0\u00a0\u00a0\u00a0\u00a0\u00a0\u00a0\u00a0\u00a0\u00a0\u00a0\u00a07:37 Uhr\u00a0\u00a0\/7.47\u00a0\u00a0\u00a0\u00a0\u00a0\u00a0\u00a0\u00a0\u00a0\u00a0\u00a0\u00a0\u00a0\u00a0 8:34 Uhr\u00a0\u00a0\u00a0\u00a0\u00a0\u00a0\u00a0\u00a0\u00a0\u00a0\u00a0\u00a0\u00a0\u00a0\u00a0\u00a0\u00a0\u00a0 <\/span><\/p>\n<p><span style=\"color: #000000;\">\u00a0<\/span><\/p>\n<p><span style=\"color: #000000;\">Wei\u00dfenbach\u00a0\u00a0\u00a0\u00a0\u00a0\u00a0\u00a0\u00a0\u00a0\u00a0\u00a0\u00a0\u00a0\u00a0\u00a0\u00a0\u00a0\u00a0\u00a0\u00a0\u00a0\u00a0\u00a0\u00a0\u00a0\u00a0\u00a0\u00a0\u00a0\u00a0 7:48 Uhr\u00a0\u00a0\u00a0\u00a0\u00a0\u00a0\u00a0\u00a0\u00a0\u00a0\u00a0\u00a0\u00a0\u00a0\u00a0\u00a0\u00a0\u00a0\u00a0\u00a0\u00a0\u00a0\u00a0\u00a0\u00a0\u00a0 &#8212;&#8212;&#8211;<\/span><\/p>\n<p><span style=\"color: #000000;\">Uengsterode\u00a0\u00a0\u00a0\u00a0\u00a0\u00a0\u00a0\u00a0\u00a0\u00a0\u00a0\u00a0\u00a0\u00a0\u00a0\u00a0\u00a0\u00a0\u00a0\u00a0\u00a0\u00a0\u00a0\u00a0\u00a0\u00a0\u00a0\u00a0\u00a0\u00a07:39 Uhr\u00a0\u00a0\u00a0\u00a0\u00a0\u00a0\u00a0\u00a0\u00a0\u00a0\u00a0\u00a0\u00a0\u00a0\u00a0\u00a0\u00a0\u00a0\u00a0\u00a0\u00a0\u00a0\u00a0\u00a0\u00a0\u00a0 8:34 Uhr\u00a0\u00a0\u00a0\u00a0\u00a0\u00a0 \u00a0\u00a0\u00a0\u00a0\u00a0\u00a0\u00a0\u00a0\u00a0\u00a0 <\/span><\/p>\n<p><span style=\"color: #000000;\">Trubenhausen\u00a0\u00a0\u00a0\u00a0\u00a0\u00a0\u00a0\u00a0\u00a0\u00a0\u00a0\u00a0\u00a0\u00a0\u00a0\u00a0\u00a0\u00a0\u00a0\u00a0\u00a0\u00a0\u00a0\u00a0\u00a0\u00a0\u00a07:54 Uhr\u00a0\u00a0\u00a0\u00a0\u00a0\u00a0\u00a0\u00a0\u00a0\u00a0\u00a0\u00a0\u00a0\u00a0\u00a0\u00a0\u00a0\u00a0\u00a0\u00a0\u00a0\u00a0\u00a0\u00a0\u00a0\u00a0 8:38 Uhr\u00a0\u00a0\u00a0\u00a0\u00a0\u00a0\u00a0 <\/span><\/p>\n<h2><span style=\"color: #000000;\">\u00a0<\/span><\/h2>\n<h2><span style=\"color: #000000;\"><b><span style=\"text-decoration: underline;\">R\u00fcckfahrten ab Gelstertalschule<\/span><\/b><b>\u00a0\u00a0\u00a0\u00a0\u00a0\u00a0\u00a0\u00a0\u00a0\u00a0\u00a0\u00a0\u00a0\u00a0\u00a0\u00a0\u00a0\u00a0\u00a0\u00a0\u00a0\u00a0\u00a0\u00a0\u00a0\u00a0\u00a0\u00a0<\/b><\/span><b><span style=\"color: #000000;\">\u00a0\u00a0\u00a0\u00a0\u00a0\u00a0\u00a0\u00a0\u00a0\u00a0\u00a0\u00a0\u00a0\u00a0\u00a0\u00a0\u00a0\u00a0\u00a0\u00a0\u00a0\u00a0\u00a0\u00a0\u00a0\u00a0\u00a0\u00a0\u00a0\u00a0\u00a0\u00a0\u00a0\u00a0\u00a0\u00a0\u00a0\u00a0\u00a0\u00a0\u00a0\u00a0\u00a0\u00a0\u00a0\u00a0\u00a0\u00a0\u00a0\u00a0\u00a0\u00a0\u00a0\u00a0\u00a0\u00a0\u00a0\u00a0\u00a0\u00a0\u00a0\u00a0\u00a0\u00a0\u00a0\u00a0\u00a0\u00a0\u00a0\u00a0 <\/span><\/b><\/h2>\n<p><span style=\"color: #000000;\">11:58 Uhr\u00a0 (nur nach Trubenhausen)<\/span><\/p>\n<p><span style=\"color: #000000;\">11:51 Uhr Richtung Kleinalm. \/ Ermschwerd\u00a0\u00a0\u00a0\u00a0\u00a0\u00a0\u00a0\u00a0\u00a0\u00a0\u00a0\u00a0\u00a0\u00a0\u00a0\u00a0\u00a0\u00a0\u00a0\u00a0\u00a0\u00a0\u00a0\u00a0 <\/span><\/p>\n<p>&nbsp;<\/p>\n<p><span style=\"color: #000000;\"><span style=\"color: #000000;\">12:40 Uhr Richtung Gro\u00dfalmerode<\/span> \/ Wei\u00dfenbach \u00a0 \u00a0 \u00a0 \u00a0 \u00a0 \u00a0 \u00a0 \u00a0 \u00a0 \u00a0 \u00a0 \u00a0 \u00a0 \u00a0 \u00a0 \u00a0 \u00a0 \u00a0 \u00a0 \u00a0 \u00a0 \u00a0 \u00a0 \u00a0 \u00a0 \u00a0 \u00a0 \u00a0 \u00a0 \u00a0 \u00a0 \u00a0 \u00a0 \u00a0 \u00a0 \u00a0<\/span><\/p>\n<p><span style=\"color: #000000;\">12:41 Uhr Richtung Kleinalm. \/ Ermschwerd\u00a0\u00a0\u00a0\u00a0\u00a0 \u00a0\u00a0\u00a0\u00a0\u00a0\u00a0\u00a0\u00a0\u00a0 <\/span><\/p>\n<p><span style=\"color: #000000;\">\u00a0<\/span><\/p>\n<p><span style=\"color: #000000;\">13:38 Uhr Richtung Kleinalm. \/ Ermschwerd\u00a0\u00a0\u00a0\u00a0\u00a0\u00a0\u00a0\u00a0\u00a0\u00a0\u00a0\u00a0\u00a0\u00a0\u00a0\u00a0\u00a0\u00a0\u00a0\u00a0\u00a0\u00a0\u00a0\u00a0 <\/span><\/p>\n<p><span style=\"color: #000000;\">13:40 Uhr Richtung Gro\u00dfalmerode (nicht Wei\u00dfenbach)<\/span><\/p>\n<p><span style=\"color: #000000;\">13:58 Uhr Richtung Gro\u00dfalmerode (nicht Wei\u00dfenbach)<\/span><\/p>\n<p>&nbsp;<\/p>\n<p><span style=\"color: #000000;\">14:53 Uhr Richtung Gro\u00dfalmerode \/ Wei\u00dfenbach<\/span><\/p>\n<p><span style=\"color: #000000;\">14.58 Uhr Richtung Gro\u00dfalmerode (am Abzweig Schule)<\/span><\/p>\n<p><span style=\"color: #000000;\">15.01 Uhr Richtung Kleinalm. \/ Ermschwerd<\/span><\/p>\n<p>&nbsp;<\/p>\n<p><span style=\"color: #000000;\">15.58 Uhr Richtung Gro\u00dfalmerode (am Abzweig Schule)<\/span><\/p>\n<p><span style=\"color: #000000;\">16.01 Uhr Richtung Kleinalm. \/ Ermschwerd \/ WIZ<\/span><\/p>\n<p><b><span style=\"color: #000000;\">\u00a0<\/span><\/b><\/p>\n","protected":false},"excerpt":{"rendered":"<p>Unsere Unterrichtszeiten Fr\u00fchbetreuung ab 7:30 Uhr 1. Stunde 8:00 &#8211; 8:45 Uhr 2. Stunde 8:45 &#8211; 9:30 Uhr Klassenfr\u00fchst\u00fcck 9:30 &#8211; 9:40 Uhr 1. Pause 9:40 &#8211; 10:00 Uhr 3. Stunde 10:00 &#8211; 10:45 Uhr 4. Stunde 10:45 &#8211; 11:30 Uhr 2. Pause 11:30 &#8211; 11:45 Uhr 5. Stunde 11:45 &#8211; 12:30 Uhr &nbsp; Unsere &hellip; <a href=\"https:\/\/gelstertalschule.de\/wordpress\/unsere-schule\/unterrichtszeiten-und-fahrplan\/\" class=\"more-link\"><span class=\"screen-reader-text\">Unterrichtszeiten und Fahrplan<\/span> weiterlesen <span class=\"meta-nav\">&rarr;<\/span><\/a><\/p>\n","protected":false},"author":2,"featured_media":0,"parent":6,"menu_order":0,"comment_status":"closed","ping_status":"open","template":"","meta":{"footnotes":""},"class_list":["post-203","page","type-page","status-publish","hentry"],"_links":{"self":[{"href":"https:\/\/gelstertalschule.de\/wordpress\/wp-json\/wp\/v2\/pages\/203","targetHints":{"allow":["GET"]}}],"collection":[{"href":"https:\/\/gelstertalschule.de\/wordpress\/wp-json\/wp\/v2\/pages"}],"about":[{"href":"https:\/\/gelstertalschule.de\/wordpress\/wp-json\/wp\/v2\/types\/page"}],"author":[{"embeddable":true,"href":"https:\/\/gelstertalschule.de\/wordpress\/wp-json\/wp\/v2\/users\/2"}],"replies":[{"embeddable":true,"href":"https:\/\/gelstertalschule.de\/wordpress\/wp-json\/wp\/v2\/comments?post=203"}],"version-history":[{"count":11,"href":"https:\/\/gelstertalschule.de\/wordpress\/wp-json\/wp\/v2\/pages\/203\/revisions"}],"predecessor-version":[{"id":3959,"href":"https:\/\/gelstertalschule.de\/wordpress\/wp-json\/wp\/v2\/pages\/203\/revisions\/3959"}],"up":[{"embeddable":true,"href":"https:\/\/gelstertalschule.de\/wordpress\/wp-json\/wp\/v2\/pages\/6"}],"wp:attachment":[{"href":"https:\/\/gelstertalschule.de\/wordpress\/wp-json\/wp\/v2\/media?parent=203"}],"curies":[{"name":"wp","href":"https:\/\/api.w.org\/{rel}","templated":true}]}}