{"id":1619,"date":"2014-12-11T12:36:31","date_gmt":"2014-12-11T11:36:31","guid":{"rendered":"http:\/\/gelstertalschule.de\/wordpress\/?page_id=1619"},"modified":"2026-04-20T10:33:14","modified_gmt":"2026-04-20T09:33:14","slug":"1a","status":"publish","type":"page","link":"https:\/\/gelstertalschule.de\/wordpress\/1a\/","title":{"rendered":"Anmeldung GT-Betreuung"},"content":{"rendered":"<h3>Die <span style=\"text-decoration: underline;\"><strong>Anmeldung<\/strong> zur <strong>Ganztagsbetreuung<\/strong><\/span>\u00a0 finden Sie hier:<\/h3>\n<h2><a href=\"https:\/\/gelstertalschule.de\/wordpress\/wp-content\/uploads\/2025\/06\/Anmeldung_Ganztagsbetreuung_2025_26.pdf\"><span style=\"color: #0000ff;\">Anmeldung Ganztagsbetreuung 2025-26<\/span><\/a><\/h2>\n<h2><a href=\"https:\/\/gelstertalschule.de\/wordpress\/wp-content\/uploads\/2026\/04\/Anmeldung-Ganztagsbetreuung-2026.pdf\"><span style=\"color: #0000ff;\">Anmeldung Ganztagsbetreuung 2026-27<\/span><\/a><\/h2>\n<h3><span style=\"text-decoration: underline;\">F\u00fcr jedes Schuljahr muss eine entsprechende Anmeldung abgegeben werden &#8211; auch bei Beibehaltung der gew\u00fcnschten Betreuungszeit.<\/span><\/h3>\n<h3><span style=\"color: #ff0000;\">Kinder die nicht mit einem aktuellen Anmeldeformular angemeldet wurden, k\u00f6nnen aus versicherungstechnischen Gr\u00fcnden nicht an der GT-Betreuung teilnehmen. <span style=\"text-decoration: underline;\">Eine Anmeldung muss jedes Schuljahr neu ausgef\u00fcllt &amp; abgegeben werden<\/span>.<\/span><\/h3>\n<h3>F\u00fcr die Zahlung der <strong>Geb\u00fchren der Ganztagsbetreuung<\/strong> ben\u00f6tigen Sie eine <strong><u>Einzugserm\u00e4chtigung<\/u><\/strong>:\u00a0 <span style=\"color: #0000ff;\"><a style=\"color: #0000ff;\" href=\"https:\/\/gelstertalschule.de\/wordpress\/wp-content\/uploads\/2022\/09\/SEPA-Lesekultur-9-22.pdf\">SEPA Einzugserm\u00e4chtigung<\/a><\/span><\/h3>\n<h3>Das Formular zum <span style=\"text-decoration: underline;\"><strong>Beitritt in unseren schulischen F\u00f6rderverein<\/strong><\/span> mit Lastschrifterm\u00e4chtigung (<span style=\"text-decoration: underline;\">freiwillig<\/span>): <span style=\"color: #0000ff;\"><a style=\"color: #0000ff;\" href=\"https:\/\/gelstertalschule.de\/wordpress\/wp-content\/uploads\/2022\/07\/Foerderverein-Gelstertalschule-Beitrittserklaerung-1.pdf\">F\u00f6rderverein &#8211; Beitrittserkl\u00e4rung<\/a><\/span><\/h3>\n","protected":false},"excerpt":{"rendered":"<p>Die Anmeldung zur Ganztagsbetreuung\u00a0 finden Sie hier: Anmeldung Ganztagsbetreuung 2025-26 Anmeldung Ganztagsbetreuung 2026-27 F\u00fcr jedes Schuljahr muss eine entsprechende Anmeldung abgegeben werden &#8211; auch bei Beibehaltung der gew\u00fcnschten Betreuungszeit. Kinder die nicht mit einem aktuellen Anmeldeformular angemeldet wurden, k\u00f6nnen aus versicherungstechnischen Gr\u00fcnden nicht an der GT-Betreuung teilnehmen. Eine Anmeldung muss jedes Schuljahr neu ausgef\u00fcllt &amp; &hellip; <a href=\"https:\/\/gelstertalschule.de\/wordpress\/1a\/\" class=\"more-link\"><span class=\"screen-reader-text\">Anmeldung GT-Betreuung<\/span> weiterlesen <span class=\"meta-nav\">&rarr;<\/span><\/a><\/p>\n","protected":false},"author":2,"featured_media":0,"parent":0,"menu_order":0,"comment_status":"closed","ping_status":"open","template":"","meta":{"footnotes":""},"class_list":["post-1619","page","type-page","status-publish","hentry"],"_links":{"self":[{"href":"https:\/\/gelstertalschule.de\/wordpress\/wp-json\/wp\/v2\/pages\/1619","targetHints":{"allow":["GET"]}}],"collection":[{"href":"https:\/\/gelstertalschule.de\/wordpress\/wp-json\/wp\/v2\/pages"}],"about":[{"href":"https:\/\/gelstertalschule.de\/wordpress\/wp-json\/wp\/v2\/types\/page"}],"author":[{"embeddable":true,"href":"https:\/\/gelstertalschule.de\/wordpress\/wp-json\/wp\/v2\/users\/2"}],"replies":[{"embeddable":true,"href":"https:\/\/gelstertalschule.de\/wordpress\/wp-json\/wp\/v2\/comments?post=1619"}],"version-history":[{"count":23,"href":"https:\/\/gelstertalschule.de\/wordpress\/wp-json\/wp\/v2\/pages\/1619\/revisions"}],"predecessor-version":[{"id":5110,"href":"https:\/\/gelstertalschule.de\/wordpress\/wp-json\/wp\/v2\/pages\/1619\/revisions\/5110"}],"wp:attachment":[{"href":"https:\/\/gelstertalschule.de\/wordpress\/wp-json\/wp\/v2\/media?parent=1619"}],"curies":[{"name":"wp","href":"https:\/\/api.w.org\/{rel}","templated":true}]}}